{"id":488,"date":"2025-02-14T15:45:20","date_gmt":"2025-02-14T14:45:20","guid":{"rendered":"https:\/\/www.laskartheatre.net\/?page_id=488"},"modified":"2026-04-20T16:07:13","modified_gmt":"2026-04-20T14:07:13","slug":"spectacle-les-cigales","status":"publish","type":"page","link":"https:\/\/www.laskartheatre.net\/index.php\/spectacles\/spectacle-les-cigales\/","title":{"rendered":"Spectacle Les Cigales"},"content":{"rendered":"<p style=\"text-align: center;\"><img loading=\"lazy\" decoding=\"async\" class=\"alignnone  wp-image-619\" src=\"https:\/\/www.laskartheatre.net\/wp-content\/uploads\/2026\/04\/decors-300x225.png\" alt=\"\" width=\"385\" height=\"289\" srcset=\"https:\/\/www.laskartheatre.net\/wp-content\/uploads\/2026\/04\/decors-300x225.png 300w, https:\/\/www.laskartheatre.net\/wp-content\/uploads\/2026\/04\/decors-1024x768.png 1024w, https:\/\/www.laskartheatre.net\/wp-content\/uploads\/2026\/04\/decors-768x576.png 768w, https:\/\/www.laskartheatre.net\/wp-content\/uploads\/2026\/04\/decors-1170x878.png 1170w, https:\/\/www.laskartheatre.net\/wp-content\/uploads\/2026\/04\/decors.png 1181w\" sizes=\"auto, (max-width: 385px) 100vw, 385px\" \/><\/p>\r\n<p style=\"text-align: center;\"><em><strong>\u00ab Les Cigales \u00bb D<\/strong>ur\u00e9e environ <strong>1H<\/strong><\/em><\/p>\r\n<h6 style=\"text-align: center;\"><strong>D<\/strong>ans un univers de mots et de musiques, Margaux et Laurent marient avec finesse l\u2019accord\u00e9on et la guitare.<\/h6>\r\n<p><iframe loading=\"lazy\" title=\"Teaser LES CIGALES - Laskar Th\u00e9\u00e2tre\" src=\"https:\/\/player.vimeo.com\/video\/1184386031?dnt=1&amp;app_id=122963\" width=\"1170\" height=\"878\" frameborder=\"0\" allow=\"autoplay; fullscreen; picture-in-picture; clipboard-write; encrypted-media; web-share\" referrerpolicy=\"strict-origin-when-cross-origin\"><\/iframe><\/p>\r\n<h3 style=\"text-align: center;\">Au Menu\u00a0:<\/h3>\r\n<p style=\"text-align: center;\"><strong><u>Entr\u00e9e\u00a0:<\/u><\/strong><\/p>\r\n<h6 style=\"text-align: center;\"><strong>U<\/strong>ne guitare et un accord\u00e9on, une pinc\u00e9e de th\u00e9\u00e2tre un soup\u00e7on de m\u00e9lodie, le tout arros\u00e9 d\u2019un r\u00e9pertoire du genre romantique.<\/h6>\r\n<p style=\"text-align: center;\"><strong><u>Plat principal\u00a0:<\/u><\/strong><\/p>\r\n<h6 style=\"text-align: center;\"><strong>U<\/strong>n vieux coffre plein de souvenir, quelques partitions anciennes et une boite \u00e0 musique pour soutenir le tempo\u00a0!<\/h6>\r\n<h6 style=\"text-align: center;\"><strong>U<\/strong>n d\u00e9cors lumineux rouge et noir, une fille un gar\u00e7on sortit tout droit du \u00ab Paris -Montmartre \u00bb, habill\u00e9s de leurs serpentins et cotillons<\/h6>\r\n<p style=\"text-align: center;\"><strong><u>Dessert\u00a0:<\/u><\/strong><\/p>\r\n<h6 style=\"text-align: center;\"><strong>D<\/strong>es jeux de mots et des jeux\u00a0de clown, pour cet \u00e9v\u00e9nement\/ concert,<\/h6>\r\n<h6 style=\"text-align: center;\">qui prend des allures th\u00e9\u00e2trales.<\/h6>\r\n<h6 style=\"text-align: center;\"><strong>U<\/strong>n concert du genre cabaret qui ne manque pas de p\u00e9tillant !<\/h6>\r\n<audio class=\"wp-audio-shortcode\" id=\"audio-488-1\" preload=\"none\" style=\"width: 100%;\" controls=\"controls\"><source type=\"audio\/mpeg\" src=\"https:\/\/www.laskartheatre.net\/wp-content\/uploads\/2026\/04\/Les-Cigales-Boum.mp3?_=1\" \/><a href=\"https:\/\/www.laskartheatre.net\/wp-content\/uploads\/2026\/04\/Les-Cigales-Boum.mp3\">https:\/\/www.laskartheatre.net\/wp-content\/uploads\/2026\/04\/Les-Cigales-Boum.mp3<\/a><\/audio>\r\n<audio class=\"wp-audio-shortcode\" id=\"audio-488-2\" preload=\"none\" style=\"width: 100%;\" controls=\"controls\"><source type=\"audio\/mpeg\" src=\"https:\/\/www.laskartheatre.net\/wp-content\/uploads\/2026\/04\/Les-Cigales-mistinguett.mp3?_=2\" \/><a href=\"https:\/\/www.laskartheatre.net\/wp-content\/uploads\/2026\/04\/Les-Cigales-mistinguett.mp3\">https:\/\/www.laskartheatre.net\/wp-content\/uploads\/2026\/04\/Les-Cigales-mistinguett.mp3<\/a><\/audio>\r\n<audio class=\"wp-audio-shortcode\" id=\"audio-488-3\" preload=\"none\" style=\"width: 100%;\" controls=\"controls\"><source type=\"audio\/mpeg\" src=\"https:\/\/www.laskartheatre.net\/wp-content\/uploads\/2026\/04\/Les-Cigales-bicyclette-.mp3?_=3\" \/><a href=\"https:\/\/www.laskartheatre.net\/wp-content\/uploads\/2026\/04\/Les-Cigales-bicyclette-.mp3\">https:\/\/www.laskartheatre.net\/wp-content\/uploads\/2026\/04\/Les-Cigales-bicyclette-.mp3<\/a><\/audio>\r\n<!-- \/wp:post-content -->\r\n\r\n<!-- wp:heading {\"textAlign\":\"center\",\"level\":4} -->\r\n<h4 class=\"wp-block-heading has-text-align-center\" style=\"text-align: center;\"><span style=\"vertical-align: inherit;\"><span style=\"vertical-align: inherit;\"><a href=\"https:\/\/www.laskartheatre.net\/wp-content\/uploads\/2025\/12\/Dossier-Les-Cigales.pdf\">Dossier Les Cigales<\/a>\u00a0 (telecharger)\u00a0\u00a0<\/span><\/span><\/h4>\r\n<p style=\"text-align: center;\"><strong>C<\/strong>ontact Diffusion :<span style=\"color: #800080;\"> laskar.lespasseursdutemps@gmail.com<\/span><\/p>\r\n<!-- \/wp:heading -->\r\n\r\n<!-- wp:file {\"id\":136,\"href\":\"https:\/\/www.laskartheatre.net\/wp-content\/uploads\/2023\/06\/dossier-spectacle-Passeurs-du-temps.pdf\",\"displayPreview\":true} -->\r\n<div class=\"wp-block-file\" style=\"text-align: center;\"><span style=\"vertical-align: inherit;\"><span style=\"vertical-align: inherit;\"><img loading=\"lazy\" decoding=\"async\" class=\"alignnone wp-image-622\" src=\"https:\/\/www.laskartheatre.net\/wp-content\/uploads\/2026\/04\/duo-2-300x225.png\" alt=\"\" width=\"328\" height=\"246\" srcset=\"https:\/\/www.laskartheatre.net\/wp-content\/uploads\/2026\/04\/duo-2-300x225.png 300w, https:\/\/www.laskartheatre.net\/wp-content\/uploads\/2026\/04\/duo-2-1024x768.png 1024w, https:\/\/www.laskartheatre.net\/wp-content\/uploads\/2026\/04\/duo-2-768x576.png 768w, https:\/\/www.laskartheatre.net\/wp-content\/uploads\/2026\/04\/duo-2-1170x878.png 1170w, https:\/\/www.laskartheatre.net\/wp-content\/uploads\/2026\/04\/duo-2.png 1181w\" sizes=\"auto, (max-width: 328px) 100vw, 328px\" \/>\u00a0 \u00a0 <img loading=\"lazy\" decoding=\"async\" class=\"alignnone  wp-image-620\" src=\"https:\/\/www.laskartheatre.net\/wp-content\/uploads\/2026\/04\/07-300x229.jpg\" alt=\"\" width=\"322\" height=\"246\" srcset=\"https:\/\/www.laskartheatre.net\/wp-content\/uploads\/2026\/04\/07-300x229.jpg 300w, https:\/\/www.laskartheatre.net\/wp-content\/uploads\/2026\/04\/07-1024x782.jpg 1024w, https:\/\/www.laskartheatre.net\/wp-content\/uploads\/2026\/04\/07-768x587.jpg 768w, https:\/\/www.laskartheatre.net\/wp-content\/uploads\/2026\/04\/07-1170x894.jpg 1170w, https:\/\/www.laskartheatre.net\/wp-content\/uploads\/2026\/04\/07.jpg 1181w\" sizes=\"auto, (max-width: 322px) 100vw, 322px\" \/><\/span><\/span><\/div>\r\n<div style=\"text-align: center;\">\u00a0 \u00a0 \u00a0 \u00a0 \u00a0 \u00a0 \u00a0 \u00a0 \u00a0 \u00a0 \u00a0 \u00a0 \u00a0 \u00a0 \u00a0 \u00a0 \u00a0<\/div>\r\n<div style=\"text-align: center;\"><img loading=\"lazy\" decoding=\"async\" class=\"alignnone  wp-image-616\" src=\"https:\/\/www.laskartheatre.net\/wp-content\/uploads\/2026\/04\/04-300x244.jpg\" alt=\"\" width=\"366\" height=\"297\" srcset=\"https:\/\/www.laskartheatre.net\/wp-content\/uploads\/2026\/04\/04-300x244.jpg 300w, https:\/\/www.laskartheatre.net\/wp-content\/uploads\/2026\/04\/04-1024x833.jpg 1024w, https:\/\/www.laskartheatre.net\/wp-content\/uploads\/2026\/04\/04-768x625.jpg 768w, https:\/\/www.laskartheatre.net\/wp-content\/uploads\/2026\/04\/04-1170x952.jpg 1170w, https:\/\/www.laskartheatre.net\/wp-content\/uploads\/2026\/04\/04.jpg 1181w\" sizes=\"auto, (max-width: 366px) 100vw, 366px\" \/><img loading=\"lazy\" decoding=\"async\" class=\"alignnone  wp-image-621\" src=\"https:\/\/www.laskartheatre.net\/wp-content\/uploads\/2026\/04\/02-300x295.jpg\" alt=\"\" width=\"302\" height=\"297\" srcset=\"https:\/\/www.laskartheatre.net\/wp-content\/uploads\/2026\/04\/02-300x295.jpg 300w, https:\/\/www.laskartheatre.net\/wp-content\/uploads\/2026\/04\/02-1024x1008.jpg 1024w, https:\/\/www.laskartheatre.net\/wp-content\/uploads\/2026\/04\/02-768x756.jpg 768w, https:\/\/www.laskartheatre.net\/wp-content\/uploads\/2026\/04\/02-1170x1151.jpg 1170w, https:\/\/www.laskartheatre.net\/wp-content\/uploads\/2026\/04\/02.jpg 1181w\" sizes=\"auto, (max-width: 302px) 100vw, 302px\" \/><\/div>\r\n<div style=\"text-align: center;\">\u00a0 \u00a0 \u00a0 \u00a0 \u00a0 \u00a0 \u00a0 \u00a0 \u00a0 \u00a0 \u00a0 \u00a0\u00a0<\/div>\r\n<div style=\"text-align: center;\">\u00a0<\/div>\r\n<!-- \/wp:file -->\r\n\r\n<!-- wp:gallery {\"linkTo\":\"none\"} -->\r\n<figure class=\"wp-block-gallery has-nested-images columns-default is-cropped\"><!-- wp:image {\"id\":139,\"sizeSlug\":\"large\",\"linkDestination\":\"none\"} -->\r\n<figure class=\"wp-block-image size-large\"><\/figure>\r\n<\/figure><!-- \/wp:image -->","protected":false},"excerpt":{"rendered":"<p>\u00ab Les Cigales \u00bb Dur\u00e9e environ 1H Dans un univers de mots et de musiques, Margaux et Laurent marient avec finesse l\u2019accord\u00e9on et la guitare. Au Menu\u00a0: Entr\u00e9e\u00a0: Une guitare [&hellip;]<\/p>\n","protected":false},"author":1,"featured_media":0,"parent":101,"menu_order":0,"comment_status":"closed","ping_status":"closed","template":"","meta":{"_EventAllDay":false,"_EventTimezone":"","_EventStartDate":"","_EventEndDate":"","_EventStartDateUTC":"","_EventEndDateUTC":"","_EventShowMap":false,"_EventShowMapLink":false,"_EventURL":"","_EventCost":"","_EventCostDescription":"","_EventCurrencySymbol":"","_EventCurrencyCode":"","_EventCurrencyPosition":"","_EventDateTimeSeparator":"","_EventTimeRangeSeparator":"","_EventOrganizerID":[],"_EventVenueID":[],"_OrganizerEmail":"","_OrganizerPhone":"","_OrganizerWebsite":"","_VenueAddress":"","_VenueCity":"","_VenueCountry":"","_VenueProvince":"","_VenueState":"","_VenueZip":"","_VenuePhone":"","_VenueURL":"","_VenueStateProvince":"","_VenueLat":"","_VenueLng":"","_VenueShowMap":false,"_VenueShowMapLink":false,"footnotes":""},"class_list":["post-488","page","type-page","status-publish","hentry"],"_links":{"self":[{"href":"https:\/\/www.laskartheatre.net\/index.php\/wp-json\/wp\/v2\/pages\/488","targetHints":{"allow":["GET"]}}],"collection":[{"href":"https:\/\/www.laskartheatre.net\/index.php\/wp-json\/wp\/v2\/pages"}],"about":[{"href":"https:\/\/www.laskartheatre.net\/index.php\/wp-json\/wp\/v2\/types\/page"}],"author":[{"embeddable":true,"href":"https:\/\/www.laskartheatre.net\/index.php\/wp-json\/wp\/v2\/users\/1"}],"replies":[{"embeddable":true,"href":"https:\/\/www.laskartheatre.net\/index.php\/wp-json\/wp\/v2\/comments?post=488"}],"version-history":[{"count":49,"href":"https:\/\/www.laskartheatre.net\/index.php\/wp-json\/wp\/v2\/pages\/488\/revisions"}],"predecessor-version":[{"id":654,"href":"https:\/\/www.laskartheatre.net\/index.php\/wp-json\/wp\/v2\/pages\/488\/revisions\/654"}],"up":[{"embeddable":true,"href":"https:\/\/www.laskartheatre.net\/index.php\/wp-json\/wp\/v2\/pages\/101"}],"wp:attachment":[{"href":"https:\/\/www.laskartheatre.net\/index.php\/wp-json\/wp\/v2\/media?parent=488"}],"curies":[{"name":"wp","href":"https:\/\/api.w.org\/{rel}","templated":true}]}}